{"id":216,"date":"2024-04-05T10:39:27","date_gmt":"2024-04-05T08:39:27","guid":{"rendered":"https:\/\/xn--ostopathe-lyon-dkb.fr\/?page_id=216"},"modified":"2024-04-05T11:04:46","modified_gmt":"2024-04-05T09:04:46","slug":"le-sportif-et-losteopathie","status":"publish","type":"page","link":"https:\/\/xn--ostopathe-lyon-dkb.fr\/index.php\/accueil\/le-sportif-et-losteopathie\/","title":{"rendered":"Le sportif et l&rsquo;ost\u00e9opathie"},"content":{"rendered":"\n<p><strong>L&rsquo;ost\u00e9opathie : un alli\u00e9 pr\u00e9cieux pour les sportifs<\/strong><\/p>\n\n\n\n<p>Dans le domaine du sport, o\u00f9 la performance et la sant\u00e9 sont intimement li\u00e9es, l&rsquo;ost\u00e9opathie se r\u00e9v\u00e8le \u00eatre un atout majeur. Cette m\u00e9decine douce, bas\u00e9e sur une th\u00e9rapeutique manuelles, offre de nombreux bienfaits aux sportifs, tant sur le plan pr\u00e9ventif que curatif.<\/p>\n\n\n\n<p>Pr\u00e9vention: L&rsquo;ost\u00e9opathie permet de pr\u00e9venir les blessures en d\u00e9tectant et en corrigeant les d\u00e9s\u00e9quilibres musculo-squelettiques. En effectuant des ajustements pr\u00e9cis, l&rsquo;ost\u00e9opathe r\u00e9tablit l&rsquo;harmonie dans le corps du sportif, favorisant ainsi une meilleure mobilit\u00e9 articulaire et une r\u00e9partition optimale des tensions musculaires.<\/p>\n\n\n\n<p>Optimisation: L&rsquo;ost\u00e9opathie contribue \u00e0 am\u00e9liorer les performances sportives en optimisant la r\u00e9cup\u00e9ration physique. En favorisant la circulation sanguine et lymphatique, les manipulations ost\u00e9opathiques acc\u00e9l\u00e8rent l&rsquo;\u00e9limination des toxines et des d\u00e9chets m\u00e9taboliques, permettant ainsi une r\u00e9cup\u00e9ration plus rapide apr\u00e8s l&rsquo;effort. En corrigeant les mauvaises postures l&rsquo;ost\u00e9opathe pr\u00e9vient les douleurs chroniques et am\u00e9liore l&rsquo;efficacit\u00e9 des mouvements lors de la pratique sportive.<\/p>\n\n\n\n<p>R\u00e9g\u00e9n\u00e9ration:  L&rsquo;ost\u00e9opathie joue un r\u00f4le crucial dans le traitement des blessures sportives. Que ce soit pour les entorses, les tendinopathies ou les douleurs musculaires intracorpor\u00e9ales, l&rsquo;ost\u00e9opathe utilise des techniques sp\u00e9cifiques pour soulager la douleur, r\u00e9duire le processus inflammatoire et favoriser la gu\u00e9rison naturelle du corps.<\/p>\n\n\n\n<p>L&rsquo;approche holistique de l&rsquo;ost\u00e9opathie s&rsquo;\u00e9tend au-del\u00e0 du traitement des sympt\u00f4mes physiques. En consid\u00e9rant le sportif dans sa globalit\u00e9, l&rsquo;ost\u00e9opathe prend en compte ses habitudes de vie, son environnement et ses \u00e9motions. En identifiant et en traitant les causes profondes des d\u00e9s\u00e9quilibres, l&rsquo;ost\u00e9opathie vise \u00e0 restaurer un optimum. Ainsi, elle favorise non seulement la gu\u00e9rison des blessures sportives et l&rsquo;am\u00e9lioration de la r\u00e9cup\u00e9ration physique, mais elle contribue \u00e9galement \u00e0 renforcer le bien-\u00eatre mental et \u00e9motionnel du sportif. L&rsquo;ost\u00e9opathie se pr\u00e9sente comme un alli\u00e9 inestimable pour les sportifs, offrant une approche globale qui vise \u00e0 pr\u00e9server leur sant\u00e9, \u00e0 optimiser leurs performances et \u00e0 promouvoir leur bien-\u00eatre physique et mental.<\/p>\n\n\n\n<figure class=\"wp-block-gallery has-nested-images columns-default is-cropped wp-block-gallery-1 is-layout-flex wp-block-gallery-is-layout-flex\">\n<figure class=\"wp-block-image size-large\"><img loading=\"lazy\" decoding=\"async\" width=\"683\" height=\"1024\" data-id=\"111\" src=\"https:\/\/xn--ostopathe-lyon-dkb.fr\/wp-content\/uploads\/2024\/01\/grayscale-photography-of-man-playing-soccer-1736200-683x1024-1.jpg\" alt=\"Grayscale Photography Of Man Playing Soccer\" class=\"wp-image-111\" srcset=\"https:\/\/xn--ostopathe-lyon-dkb.fr\/wp-content\/uploads\/2024\/01\/grayscale-photography-of-man-playing-soccer-1736200-683x1024-1.jpg 683w, https:\/\/xn--ostopathe-lyon-dkb.fr\/wp-content\/uploads\/2024\/01\/grayscale-photography-of-man-playing-soccer-1736200-683x1024-1-200x300.jpg 200w\" sizes=\"auto, (max-width: 683px) 100vw, 683px\" \/><\/figure>\n\n\n\n<figure class=\"wp-block-image size-large\"><img loading=\"lazy\" decoding=\"async\" width=\"1024\" height=\"683\" data-id=\"108\" src=\"https:\/\/xn--ostopathe-lyon-dkb.fr\/wp-content\/uploads\/2024\/01\/athletes-running-on-track-and-field-oval-in-grayscale-photography-34514-1024x683-1.jpg\" alt=\"Athletes Running on Track and Field Oval in Grayscale Photography\" class=\"wp-image-108\" srcset=\"https:\/\/xn--ostopathe-lyon-dkb.fr\/wp-content\/uploads\/2024\/01\/athletes-running-on-track-and-field-oval-in-grayscale-photography-34514-1024x683-1.jpg 1024w, https:\/\/xn--ostopathe-lyon-dkb.fr\/wp-content\/uploads\/2024\/01\/athletes-running-on-track-and-field-oval-in-grayscale-photography-34514-1024x683-1-300x200.jpg 300w, https:\/\/xn--ostopathe-lyon-dkb.fr\/wp-content\/uploads\/2024\/01\/athletes-running-on-track-and-field-oval-in-grayscale-photography-34514-1024x683-1-768x512.jpg 768w\" sizes=\"auto, (max-width: 1024px) 100vw, 1024px\" \/><\/figure>\n\n\n\n<figure class=\"wp-block-image size-large\"><img loading=\"lazy\" decoding=\"async\" width=\"723\" height=\"1024\" data-id=\"112\" src=\"https:\/\/xn--ostopathe-lyon-dkb.fr\/wp-content\/uploads\/2024\/01\/monochrome-photography-of-woman-wearing-swimsuit-1903611-723x1024-1.jpg\" alt=\"Monochrome Photography of Woman Wearing Swimsuit\" class=\"wp-image-112\" srcset=\"https:\/\/xn--ostopathe-lyon-dkb.fr\/wp-content\/uploads\/2024\/01\/monochrome-photography-of-woman-wearing-swimsuit-1903611-723x1024-1.jpg 723w, https:\/\/xn--ostopathe-lyon-dkb.fr\/wp-content\/uploads\/2024\/01\/monochrome-photography-of-woman-wearing-swimsuit-1903611-723x1024-1-212x300.jpg 212w\" sizes=\"auto, (max-width: 723px) 100vw, 723px\" \/><\/figure>\n<\/figure>\n","protected":false},"excerpt":{"rendered":"<p>L&rsquo;ost\u00e9opathie : un alli\u00e9 pr\u00e9cieux pour les sportifs Dans le domaine du sport, o\u00f9 la performance et la sant\u00e9 sont intimement li\u00e9es, l&rsquo;ost\u00e9opathie se r\u00e9v\u00e8le \u00eatre un atout majeur. Cette m\u00e9decine douce, bas\u00e9e sur une th\u00e9rapeutique manuelles, offre de nombreux bienfaits aux sportifs, tant sur le plan pr\u00e9ventif que curatif. Pr\u00e9vention: L&rsquo;ost\u00e9opathie permet de pr\u00e9venir&#8230;<\/p>\n","protected":false},"author":1,"featured_media":0,"parent":170,"menu_order":0,"comment_status":"closed","ping_status":"closed","template":"","meta":{"_kad_post_transparent":"","_kad_post_title":"","_kad_post_layout":"normal","_kad_post_sidebar_id":"","_kad_post_content_style":"","_kad_post_vertical_padding":"","_kad_post_feature":"","_kad_post_feature_position":"","_kad_post_header":false,"_kad_post_footer":false,"_kad_post_classname":"","footnotes":""},"class_list":["post-216","page","type-page","status-publish","hentry"],"_links":{"self":[{"href":"https:\/\/xn--ostopathe-lyon-dkb.fr\/index.php\/wp-json\/wp\/v2\/pages\/216","targetHints":{"allow":["GET"]}}],"collection":[{"href":"https:\/\/xn--ostopathe-lyon-dkb.fr\/index.php\/wp-json\/wp\/v2\/pages"}],"about":[{"href":"https:\/\/xn--ostopathe-lyon-dkb.fr\/index.php\/wp-json\/wp\/v2\/types\/page"}],"author":[{"embeddable":true,"href":"https:\/\/xn--ostopathe-lyon-dkb.fr\/index.php\/wp-json\/wp\/v2\/users\/1"}],"replies":[{"embeddable":true,"href":"https:\/\/xn--ostopathe-lyon-dkb.fr\/index.php\/wp-json\/wp\/v2\/comments?post=216"}],"version-history":[{"count":5,"href":"https:\/\/xn--ostopathe-lyon-dkb.fr\/index.php\/wp-json\/wp\/v2\/pages\/216\/revisions"}],"predecessor-version":[{"id":227,"href":"https:\/\/xn--ostopathe-lyon-dkb.fr\/index.php\/wp-json\/wp\/v2\/pages\/216\/revisions\/227"}],"up":[{"embeddable":true,"href":"https:\/\/xn--ostopathe-lyon-dkb.fr\/index.php\/wp-json\/wp\/v2\/pages\/170"}],"wp:attachment":[{"href":"https:\/\/xn--ostopathe-lyon-dkb.fr\/index.php\/wp-json\/wp\/v2\/media?parent=216"}],"curies":[{"name":"wp","href":"https:\/\/api.w.org\/{rel}","templated":true}]}}