{"id":254,"date":"2025-01-13T10:46:11","date_gmt":"2025-01-13T09:46:11","guid":{"rendered":"https:\/\/xn--ostopathe-lyon-dkb.fr\/?page_id=254"},"modified":"2025-01-13T10:49:48","modified_gmt":"2025-01-13T09:49:48","slug":"losteopathie-expliquee-aux-enfants","status":"publish","type":"page","link":"https:\/\/xn--ostopathe-lyon-dkb.fr\/index.php\/articles\/losteopathie-expliquee-aux-enfants\/","title":{"rendered":"L&rsquo;ost\u00e9opathie expliqu\u00e9e aux enfants"},"content":{"rendered":"\n<h3 class=\"wp-block-heading\">L&rsquo;ost\u00e9opathie et ce qu&rsquo;un ost\u00e9opathe peut faire pour toi<\/h3>\n\n\n\n<p>L\u2019ost\u00e9opathie, c\u2019est une m\u00e9thode pour soigner le corps avec les mains. Imagine que ton corps est comme un orchestre. Chaque instrument doit jouer juste pour que la musique soit belle. Si un instrument est d\u00e9saccord\u00e9 ou joue mal, \u00e7a g\u00e2che la m\u00e9lodie. L\u2019ost\u00e9opathe, c\u2019est comme un chef d\u2019orchestre : il aide chaque instrument \u00e0 bien fonctionner pour que ton corps joue une belle musique.<\/p>\n\n\n\n<p>L\u2019ost\u00e9opathe utilise ses mains pour trouver les endroits o\u00f9 ton corps a des probl\u00e8mes : des douleurs, des blocages, ou des tensions. Avec des gestes doux, il aide ton corps \u00e0 aller mieux tout seul.<\/p>\n\n\n\n<p>Voici ce que l\u2019ost\u00e9opathe peut soigner :<\/p>\n\n\n\n<ul class=\"wp-block-list\">\n<li><strong>Douleurs musculaires<\/strong> : maux de dos, douleurs au cou, aux jambes, ou aux \u00e9paules.<\/li>\n\n\n\n<li><strong>Probl\u00e8mes d\u2019articulations<\/strong> : douleurs aux genoux, poignets, ou chevilles.<\/li>\n\n\n\n<li><strong>Maux de t\u00eate<\/strong> : migraines ou douleurs \u00e0 cause du stress.<\/li>\n\n\n\n<li><strong>Probl\u00e8mes de digestion<\/strong> : douleurs au ventre, constipation.<\/li>\n\n\n\n<li><strong>Probl\u00e8mes pour respirer<\/strong> : apr\u00e8s une maladie ou pour mieux respirer.<\/li>\n\n\n\n<li><strong>Fatigue et stress<\/strong> : troubles du sommeil, anxi\u00e9t\u00e9.<\/li>\n\n\n\n<li><strong>Pour les sportifs<\/strong> : r\u00e9cup\u00e9ration apr\u00e8s le sport, pr\u00e9vention des blessures.<\/li>\n\n\n\n<li><strong>Pour les b\u00e9b\u00e9s et les enfants<\/strong> : coliques, troubles du sommeil, probl\u00e8mes apr\u00e8s la naissance.<\/li>\n\n\n\n<li><strong>Pour les femmes enceintes<\/strong> : douleurs pendant la grossesse, pr\u00e9paration pour l\u2019accouchement.<\/li>\n\n\n\n<li><strong>Apr\u00e8s un accident ou une chute<\/strong> : douleurs ou blocages anciens.<\/li>\n<\/ul>\n\n\n\n<p>L\u2019ost\u00e9opathie est une m\u00e9thode douce qui aide ton corps \u00e0 mieux fonctionner, pour te sentir bien et en bonne sant\u00e9 ! \ud83d\ude0a<\/p>\n\n\n\n<p><\/p>\n","protected":false},"excerpt":{"rendered":"<p>L&rsquo;ost\u00e9opathie et ce qu&rsquo;un ost\u00e9opathe peut faire pour toi L\u2019ost\u00e9opathie, c\u2019est une m\u00e9thode pour soigner le corps avec les mains. Imagine que ton corps est comme un orchestre. Chaque instrument doit jouer juste pour que la musique soit belle. Si un instrument est d\u00e9saccord\u00e9 ou joue mal, \u00e7a g\u00e2che la m\u00e9lodie. L\u2019ost\u00e9opathe, c\u2019est comme un&#8230;<\/p>\n","protected":false},"author":1,"featured_media":0,"parent":235,"menu_order":1,"comment_status":"closed","ping_status":"closed","template":"","meta":{"_kad_post_transparent":"","_kad_post_title":"","_kad_post_layout":"","_kad_post_sidebar_id":"","_kad_post_content_style":"","_kad_post_vertical_padding":"","_kad_post_feature":"","_kad_post_feature_position":"","_kad_post_header":false,"_kad_post_footer":false,"_kad_post_classname":"","footnotes":""},"class_list":["post-254","page","type-page","status-publish","hentry"],"_links":{"self":[{"href":"https:\/\/xn--ostopathe-lyon-dkb.fr\/index.php\/wp-json\/wp\/v2\/pages\/254","targetHints":{"allow":["GET"]}}],"collection":[{"href":"https:\/\/xn--ostopathe-lyon-dkb.fr\/index.php\/wp-json\/wp\/v2\/pages"}],"about":[{"href":"https:\/\/xn--ostopathe-lyon-dkb.fr\/index.php\/wp-json\/wp\/v2\/types\/page"}],"author":[{"embeddable":true,"href":"https:\/\/xn--ostopathe-lyon-dkb.fr\/index.php\/wp-json\/wp\/v2\/users\/1"}],"replies":[{"embeddable":true,"href":"https:\/\/xn--ostopathe-lyon-dkb.fr\/index.php\/wp-json\/wp\/v2\/comments?post=254"}],"version-history":[{"count":1,"href":"https:\/\/xn--ostopathe-lyon-dkb.fr\/index.php\/wp-json\/wp\/v2\/pages\/254\/revisions"}],"predecessor-version":[{"id":255,"href":"https:\/\/xn--ostopathe-lyon-dkb.fr\/index.php\/wp-json\/wp\/v2\/pages\/254\/revisions\/255"}],"up":[{"embeddable":true,"href":"https:\/\/xn--ostopathe-lyon-dkb.fr\/index.php\/wp-json\/wp\/v2\/pages\/235"}],"wp:attachment":[{"href":"https:\/\/xn--ostopathe-lyon-dkb.fr\/index.php\/wp-json\/wp\/v2\/media?parent=254"}],"curies":[{"name":"wp","href":"https:\/\/api.w.org\/{rel}","templated":true}]}}